{"id":460,"date":"2022-07-19T11:00:27","date_gmt":"2022-07-19T09:00:27","guid":{"rendered":"https:\/\/ls-dance.de\/?page_id=460"},"modified":"2026-03-22T15:53:39","modified_gmt":"2026-03-22T14:53:39","slug":"home","status":"publish","type":"page","link":"https:\/\/ls-dance.de\/de\/","title":{"rendered":"Startseite"},"content":{"rendered":"<div data-elementor-type=\"wp-page\" data-elementor-id=\"460\" class=\"elementor elementor-460\">\n\t\t\t\t<div class=\"elementor-element elementor-element-8582cf7 e-flex e-con-boxed e-con e-parent\" data-id=\"8582cf7\" data-element_type=\"container\" data-e-type=\"container\">\n\t\t\t\t\t<div class=\"e-con-inner\">\n\t\t\t\t<div class=\"elementor-element elementor-element-f6344b5 elementor-widget elementor-widget-text-editor\" data-id=\"f6344b5\" data-element_type=\"widget\" data-e-type=\"widget\" data-widget_type=\"text-editor.default\">\n\t\t\t\t<div class=\"elementor-widget-container\">\n\t\t\t\t\t\t\t\t\t<p>Erlebe die Leidenschaft von <span style=\"color: var( --e-global-color-secondary ); letter-spacing: 0.7px; text-transform: var(--bodytexttransform);\">Bachata, Kizomba und Salsa \u2013 unter Anleitung von Meistern an deiner Seite!<\/span><\/p>\t\t\t\t\t\t\t\t<\/div>\n\t\t\t\t<\/div>\n\t\t\t\t\t<\/div>\n\t\t\t\t<\/div>\n\t\t\t\t<section class=\"elementor-section elementor-top-section elementor-element elementor-element-36a49e66 elementor-section-content-middle elementor-section-boxed elementor-section-height-default elementor-section-height-default\" data-id=\"36a49e66\" data-element_type=\"section\" data-e-type=\"section\" data-settings=\"{&quot;background_background&quot;:&quot;classic&quot;}\">\n\t\t\t\t\t\t<div class=\"elementor-container elementor-column-gap-default\">\n\t\t\t\t\t<div class=\"elementor-column elementor-col-100 elementor-top-column elementor-element elementor-element-b640f79 elementor-hidden-tablet\" data-id=\"b640f79\" data-element_type=\"column\" data-e-type=\"column\">\n\t\t\t<div class=\"elementor-widget-wrap elementor-element-populated\">\n\t\t\t\t\t\t<div class=\"elementor-element elementor-element-4c54002f elementor-widget elementor-widget-text-editor\" data-id=\"4c54002f\" data-element_type=\"widget\" data-e-type=\"widget\" data-widget_type=\"text-editor.default\">\n\t\t\t\t<div class=\"elementor-widget-container\">\n\t\t\t\t\t\t\t\t\t<h1>Tanzen mit Herz und Seele, Tanzen als Einheit - Mach mit!<\/h1>\t\t\t\t\t\t\t\t<\/div>\n\t\t\t\t<\/div>\n\t\t\t\t<div class=\"elementor-element elementor-element-3a9323ad elementor-widget elementor-widget-image\" data-id=\"3a9323ad\" data-element_type=\"widget\" data-e-type=\"widget\" data-widget_type=\"image.default\">\n\t\t\t\t<div class=\"elementor-widget-container\">\n\t\t\t\t\t\t\t\t\t\t\t\t\t\t\t<img fetchpriority=\"high\" decoding=\"async\" width=\"768\" height=\"512\" src=\"https:\/\/ls-dance.de\/wp-content\/uploads\/2024\/10\/IMG_9865-1-768x512.webp\" class=\"attachment-medium_large size-medium_large wp-image-2584\" alt=\"\" srcset=\"https:\/\/ls-dance.de\/wp-content\/uploads\/2024\/10\/IMG_9865-1-768x512.webp 768w, https:\/\/ls-dance.de\/wp-content\/uploads\/2024\/10\/IMG_9865-1-300x200.webp 300w, https:\/\/ls-dance.de\/wp-content\/uploads\/2024\/10\/IMG_9865-1-1024x683.webp 1024w, https:\/\/ls-dance.de\/wp-content\/uploads\/2024\/10\/IMG_9865-1-18x12.webp 18w, https:\/\/ls-dance.de\/wp-content\/uploads\/2024\/10\/IMG_9865-1-930x620.webp 930w, https:\/\/ls-dance.de\/wp-content\/uploads\/2024\/10\/IMG_9865-1.webp 1200w\" sizes=\"(max-width: 768px) 100vw, 768px\" \/>\t\t\t\t\t\t\t\t\t\t\t\t\t\t\t<\/div>\n\t\t\t\t<\/div>\n\t\t\t\t\t<\/div>\n\t\t<\/div>\n\t\t\t\t\t<\/div>\n\t\t<\/section>\n\t\t<div class=\"elementor-element elementor-element-d492e7b e-flex e-con-boxed e-con e-parent\" data-id=\"d492e7b\" data-element_type=\"container\" data-e-type=\"container\">\n\t\t\t\t\t<div class=\"e-con-inner\">\n\t\t\t\t<div class=\"elementor-element elementor-element-4ee82b9 elementor-mobile-align-center elementor-widget elementor-widget-button\" data-id=\"4ee82b9\" data-element_type=\"widget\" data-e-type=\"widget\" data-widget_type=\"button.default\">\n\t\t\t\t<div class=\"elementor-widget-container\">\n\t\t\t\t\t\t\t\t\t<div class=\"elementor-button-wrapper\">\n\t\t\t\t\t<a class=\"elementor-button elementor-button-link elementor-size-sm\" href=\"https:\/\/ls-dance.de\/de\/privat-lessons\/\">\n\t\t\t\t\t\t<span class=\"elementor-button-content-wrapper\">\n\t\t\t\t\t\t\t\t\t<span class=\"elementor-button-text\">PRIVATSTUNDE EINFACH BUCHEN<\/span>\n\t\t\t\t\t<\/span>\n\t\t\t\t\t<\/a>\n\t\t\t\t<\/div>\n\t\t\t\t\t\t\t\t<\/div>\n\t\t\t\t<\/div>\n\t\t\t\t\t<\/div>\n\t\t\t\t<\/div>\n\t\t<div class=\"elementor-element elementor-element-1b9f3d9 e-flex e-con-boxed e-con e-parent\" data-id=\"1b9f3d9\" data-element_type=\"container\" data-e-type=\"container\">\n\t\t\t\t\t<div class=\"e-con-inner\">\n\t\t\t\t<div class=\"elementor-element elementor-element-6e563cf elementor-widget elementor-widget-heading\" data-id=\"6e563cf\" data-element_type=\"widget\" data-e-type=\"widget\" data-widget_type=\"heading.default\">\n\t\t\t\t<div class=\"elementor-widget-container\">\n\t\t\t\t\t<h2 class=\"elementor-heading-title elementor-size-default\">LS-Dance von Luigi und Steffi<\/h2>\t\t\t\t<\/div>\n\t\t\t\t<\/div>\n\t\t\t\t\t<\/div>\n\t\t\t\t<\/div>\n\t\t<div class=\"elementor-element elementor-element-a5b5bb5 e-flex e-con-boxed e-con e-parent\" data-id=\"a5b5bb5\" data-element_type=\"container\" data-e-type=\"container\">\n\t\t\t\t\t<div class=\"e-con-inner\">\n\t\t\t\t<div class=\"elementor-element elementor-element-db00623 elementor-widget elementor-widget-text-editor\" data-id=\"db00623\" data-element_type=\"widget\" data-e-type=\"widget\" data-widget_type=\"text-editor.default\">\n\t\t\t\t<div class=\"elementor-widget-container\">\n\t\t\t\t\t\t\t\t\t<p style=\"text-align: center;\">Wir laden dich ein, die Freude an Bachata, Salsa und Kizomba in M\u00fcnchen und Oberhaching zu erleben. In einer herzlichen und einladenden Atmosph\u00e4re bieten wir dir eine Mischung aus Bachata Sensual, Afro-Rumba, kubanischer Salsa und eleganten Einfl\u00fcssen aus dem Standardtanz. <span style=\"color: var( --e-global-color-text ); font-family: var( --e-global-typography-text-font-family ), Verdana; font-size: var( --e-global-typography-text-font-size ); font-weight: var( --e-global-typography-text-font-weight ); text-align: var(--text-align); letter-spacing: var(--bodyletterspacing); text-transform: var(--bodytexttransform);\">Mit unserem ausdrucksstarken Stil haben wir das Publikum in ganz Europa begeistert. Kommen Sie in unsere Kurse und tauchen Sie ein in eine Reise voller Rhythmus, Verbindung und purer Tanzenergie.<\/span><\/p>\t\t\t\t\t\t\t\t<\/div>\n\t\t\t\t<\/div>\n\t\t\t\t\t<\/div>\n\t\t\t\t<\/div>\n\t\t<div class=\"elementor-element elementor-element-e8ccf53 e-flex e-con-boxed e-con e-parent\" data-id=\"e8ccf53\" data-element_type=\"container\" data-e-type=\"container\">\n\t\t\t\t\t<div class=\"e-con-inner\">\n\t\t\t\t<div class=\"elementor-element elementor-element-45660f0 elementor-widget elementor-widget-heading\" data-id=\"45660f0\" data-element_type=\"widget\" data-e-type=\"widget\" data-widget_type=\"heading.default\">\n\t\t\t\t<div class=\"elementor-widget-container\">\n\t\t\t\t\t<h3 class=\"elementor-heading-title elementor-size-default\"><a href=\"https:\/\/www.goandance.com\/en\/organizer\/1852\/ls-dance\">Hier klicken, um verifizierte Bewertungen zu Go&amp;Dance zu lesen<\/a><\/h3>\t\t\t\t<\/div>\n\t\t\t\t<\/div>\n\t\t\t\t\t<\/div>\n\t\t\t\t<\/div>\n\t\t<div class=\"elementor-element elementor-element-7cb755a e-flex e-con-boxed e-con e-parent\" data-id=\"7cb755a\" data-element_type=\"container\" data-e-type=\"container\">\n\t\t\t\t\t<div class=\"e-con-inner\">\n\t\t\t\t<div class=\"elementor-element elementor-element-1911bbb elementor-widget elementor-widget-image\" data-id=\"1911bbb\" data-element_type=\"widget\" data-e-type=\"widget\" data-widget_type=\"image.default\">\n\t\t\t\t<div class=\"elementor-widget-container\">\n\t\t\t\t\t\t\t\t\t\t\t\t\t\t\t\t<a href=\"https:\/\/www.goandance.com\/en\/organizer\/1852\/ls-dance\">\n\t\t\t\t\t\t\t<img decoding=\"async\" width=\"1024\" height=\"754\" src=\"https:\/\/ls-dance.de\/wp-content\/uploads\/2026\/03\/Screenshot-2026-03-15-at-20.24.33-1024x754.png\" class=\"attachment-large size-large wp-image-3289\" alt=\"\" srcset=\"https:\/\/ls-dance.de\/wp-content\/uploads\/2026\/03\/Screenshot-2026-03-15-at-20.24.33-1024x754.png 1024w, https:\/\/ls-dance.de\/wp-content\/uploads\/2026\/03\/Screenshot-2026-03-15-at-20.24.33-300x221.png 300w, https:\/\/ls-dance.de\/wp-content\/uploads\/2026\/03\/Screenshot-2026-03-15-at-20.24.33-768x565.png 768w, https:\/\/ls-dance.de\/wp-content\/uploads\/2026\/03\/Screenshot-2026-03-15-at-20.24.33-16x12.png 16w, https:\/\/ls-dance.de\/wp-content\/uploads\/2026\/03\/Screenshot-2026-03-15-at-20.24.33.png 1281w\" sizes=\"(max-width: 1024px) 100vw, 1024px\" \/>\t\t\t\t\t\t\t\t<\/a>\n\t\t\t\t\t\t\t\t\t\t\t\t\t\t\t<\/div>\n\t\t\t\t<\/div>\n\t\t\t\t\t<\/div>\n\t\t\t\t<\/div>\n\t\t<div class=\"elementor-element elementor-element-01c1936 e-flex e-con-boxed e-con e-parent\" data-id=\"01c1936\" data-element_type=\"container\" data-e-type=\"container\" data-settings=\"{&quot;background_background&quot;:&quot;classic&quot;}\">\n\t\t\t\t\t<div class=\"e-con-inner\">\n\t\t\t\t<div class=\"elementor-element elementor-element-ae4e51e elementor-widget elementor-widget-heading\" data-id=\"ae4e51e\" data-element_type=\"widget\" data-e-type=\"widget\" data-widget_type=\"heading.default\">\n\t\t\t\t<div class=\"elementor-widget-container\">\n\t\t\t\t\t<h2 class=\"elementor-heading-title elementor-size-default\">Warum uns EASY w\u00e4hlen<\/h2>\t\t\t\t<\/div>\n\t\t\t\t<\/div>\n\t\t\t\t\t<\/div>\n\t\t\t\t<\/div>\n\t\t<div class=\"elementor-element elementor-element-7ece38e e-flex e-con-boxed e-con e-parent\" data-id=\"7ece38e\" data-element_type=\"container\" data-e-type=\"container\">\n\t\t\t\t\t<div class=\"e-con-inner\">\n\t\t<div class=\"elementor-element elementor-element-1f2e5e9 e-flex e-con-boxed e-con e-child\" data-id=\"1f2e5e9\" data-element_type=\"container\" data-e-type=\"container\">\n\t\t\t\t\t<div class=\"e-con-inner\">\n\t\t\t\t<div class=\"elementor-element elementor-element-a1ad138 elementor-widget elementor-widget-heading\" data-id=\"a1ad138\" data-element_type=\"widget\" data-e-type=\"widget\" data-widget_type=\"heading.default\">\n\t\t\t\t<div class=\"elementor-widget-container\">\n\t\t\t\t\t<h2 class=\"elementor-heading-title elementor-size-default\">E-Expertise<\/h2>\t\t\t\t<\/div>\n\t\t\t\t<\/div>\n\t\t\t\t<div class=\"elementor-element elementor-element-d9fc38c elementor-widget elementor-widget-text-editor\" data-id=\"d9fc38c\" data-element_type=\"widget\" data-e-type=\"widget\" data-widget_type=\"text-editor.default\">\n\t\t\t\t<div class=\"elementor-widget-container\">\n\t\t\t\t\t\t\t\t\t<p>Von unserer \u00fcber 20-j\u00e4hrigen Unterrichtserfahrung in verschiedenen europ\u00e4ischen L\u00e4ndern profitieren. Wir verf\u00fcgen \u00fcber einen reichen Schatz an Wissen und Fachkompetenz, den wir in jeden einzelnen Kurs einbringen, um sicherzustellen, dass unsere Sch\u00fcler Unterricht von h\u00f6chster Qualit\u00e4t erhalten.<\/p>\t\t\t\t\t\t\t\t<\/div>\n\t\t\t\t<\/div>\n\t\t\t\t\t<\/div>\n\t\t\t\t<\/div>\n\t\t<div class=\"elementor-element elementor-element-91562bd e-flex e-con-boxed e-con e-child\" data-id=\"91562bd\" data-element_type=\"container\" data-e-type=\"container\">\n\t\t\t\t\t<div class=\"e-con-inner\">\n\t\t\t\t<div class=\"elementor-element elementor-element-ec56ff4 elementor-widget elementor-widget-heading\" data-id=\"ec56ff4\" data-element_type=\"widget\" data-e-type=\"widget\" data-widget_type=\"heading.default\">\n\t\t\t\t<div class=\"elementor-widget-container\">\n\t\t\t\t\t<h2 class=\"elementor-heading-title elementor-size-default\">A-authentische Verbindung<\/h2>\t\t\t\t<\/div>\n\t\t\t\t<\/div>\n\t\t\t\t<div class=\"elementor-element elementor-element-d850c94 elementor-widget elementor-widget-text-editor\" data-id=\"d850c94\" data-element_type=\"widget\" data-e-type=\"widget\" data-widget_type=\"text-editor.default\">\n\t\t\t\t<div class=\"elementor-widget-container\">\n\t\t\t\t\t\t\t\t\t<p>Wir konzentrieren uns auf den Aufbau starker, echter Verbindungen zwischen den Partnern, um die Freude an jedem Tanz zu steigern.<\/p>\t\t\t\t\t\t\t\t<\/div>\n\t\t\t\t<\/div>\n\t\t\t\t\t<\/div>\n\t\t\t\t<\/div>\n\t\t<div class=\"elementor-element elementor-element-d7c653c e-flex e-con-boxed e-con e-child\" data-id=\"d7c653c\" data-element_type=\"container\" data-e-type=\"container\">\n\t\t\t\t\t<div class=\"e-con-inner\">\n\t\t\t\t<div class=\"elementor-element elementor-element-b425d77 elementor-widget elementor-widget-heading\" data-id=\"b425d77\" data-element_type=\"widget\" data-e-type=\"widget\" data-widget_type=\"heading.default\">\n\t\t\t\t<div class=\"elementor-widget-container\">\n\t\t\t\t\t<h2 class=\"elementor-heading-title elementor-size-default\">S-Stil mit Fusion<\/h2>\t\t\t\t<\/div>\n\t\t\t\t<\/div>\n\t\t\t\t<div class=\"elementor-element elementor-element-deab217 elementor-widget elementor-widget-text-editor\" data-id=\"deab217\" data-element_type=\"widget\" data-e-type=\"widget\" data-widget_type=\"text-editor.default\">\n\t\t\t\t<div class=\"elementor-widget-container\">\n\t\t\t\t\t\t\t\t\t<p>Unser Unterrichtsmix kombiniert Energie, Verbindung, Geschmeidigkeit und dynamische Bewegungen.<\/p>\t\t\t\t\t\t\t\t<\/div>\n\t\t\t\t<\/div>\n\t\t\t\t\t<\/div>\n\t\t\t\t<\/div>\n\t\t<div class=\"elementor-element elementor-element-6d0e260 e-flex e-con-boxed e-con e-child\" data-id=\"6d0e260\" data-element_type=\"container\" data-e-type=\"container\">\n\t\t\t\t\t<div class=\"e-con-inner\">\n\t\t\t\t<div class=\"elementor-element elementor-element-b0a1040 elementor-widget elementor-widget-heading\" data-id=\"b0a1040\" data-element_type=\"widget\" data-e-type=\"widget\" data-widget_type=\"heading.default\">\n\t\t\t\t<div class=\"elementor-widget-container\">\n\t\t\t\t\t<h2 class=\"elementor-heading-title elementor-size-default\">Y-our Dance Journey<\/h2>\t\t\t\t<\/div>\n\t\t\t\t<\/div>\n\t\t\t\t<div class=\"elementor-element elementor-element-50406f1 elementor-widget elementor-widget-text-editor\" data-id=\"50406f1\" data-element_type=\"widget\" data-e-type=\"widget\" data-widget_type=\"text-editor.default\">\n\t\t\t\t<div class=\"elementor-widget-container\">\n\t\t\t\t\t\t\t\t\t<p>Wir begleiten dich gerne von den ersten Schritten bis hin zu fortgeschrittenen Figuren und helfen dir dabei, Selbstvertrauen und Flair auf der Tanzfl\u00e4che zu entwickeln. Wir bieten Unterricht in mehreren Sprachen an, darunter Deutsch, Englisch, Italienisch und Spanisch.<\/p>\t\t\t\t\t\t\t\t<\/div>\n\t\t\t\t<\/div>\n\t\t\t\t\t<\/div>\n\t\t\t\t<\/div>\n\t\t\t\t\t<\/div>\n\t\t\t\t<\/div>\n\t\t\t\t<\/div>","protected":false},"excerpt":{"rendered":"<p>Experience the passion of Bachata, Kizomba, and Salsa\u2014 guided by masters at your side Dance with Heart and Soul, Dance As One \u2013 Join Us! BOOK YOUR PRIVATE LESSON LS-Dance by Luigi and Steffi We invite you to experience the joy of Bachata, Salsa, and Kizomba in Munich and Oberhaching. In a warm and welcoming&hellip;&nbsp;<a href=\"https:\/\/ls-dance.de\/de\/\" rel=\"bookmark\">Weiterlesen &raquo;<span class=\"screen-reader-text\">Startseite<\/span><\/a><\/p>","protected":false},"author":1,"featured_media":0,"parent":0,"menu_order":0,"comment_status":"closed","ping_status":"closed","template":"","meta":{"neve_meta_sidebar":"","neve_meta_container":"","neve_meta_enable_content_width":"off","neve_meta_content_width":100,"neve_meta_title_alignment":"","neve_meta_author_avatar":"","neve_post_elements_order":"","neve_meta_disable_header":"","neve_meta_disable_footer":"","neve_meta_disable_title":"","footnotes":""},"class_list":["post-460","page","type-page","status-publish","hentry"],"aioseo_notices":[],"_links":{"self":[{"href":"https:\/\/ls-dance.de\/de\/wp-json\/wp\/v2\/pages\/460","targetHints":{"allow":["GET"]}}],"collection":[{"href":"https:\/\/ls-dance.de\/de\/wp-json\/wp\/v2\/pages"}],"about":[{"href":"https:\/\/ls-dance.de\/de\/wp-json\/wp\/v2\/types\/page"}],"author":[{"embeddable":true,"href":"https:\/\/ls-dance.de\/de\/wp-json\/wp\/v2\/users\/1"}],"replies":[{"embeddable":true,"href":"https:\/\/ls-dance.de\/de\/wp-json\/wp\/v2\/comments?post=460"}],"version-history":[{"count":36,"href":"https:\/\/ls-dance.de\/de\/wp-json\/wp\/v2\/pages\/460\/revisions"}],"predecessor-version":[{"id":3395,"href":"https:\/\/ls-dance.de\/de\/wp-json\/wp\/v2\/pages\/460\/revisions\/3395"}],"wp:attachment":[{"href":"https:\/\/ls-dance.de\/de\/wp-json\/wp\/v2\/media?parent=460"}],"curies":[{"name":"wp","href":"https:\/\/api.w.org\/{rel}","templated":true}]}}